{"id":2,"date":"2022-01-19T10:40:50","date_gmt":"2022-01-19T09:40:50","guid":{"rendered":"https:\/\/hotelsablebleu.com\/?page_id=2"},"modified":"2025-07-24T11:56:05","modified_gmt":"2025-07-24T09:56:05","slug":"accueil","status":"publish","type":"page","link":"https:\/\/rosalitahostel.com\/fr\/","title":{"rendered":"Accueil"},"content":{"rendered":"","protected":false},"excerpt":{"rendered":"","protected":false},"author":1,"featured_media":0,"parent":0,"menu_order":1,"comment_status":"closed","ping_status":"closed","template":"","meta":{"_seopress_robots_primary_cat":"","_seopress_titles_title":"~ Rosalita Hostel | H\u00e9bergement Lourdes proche du Sanctuaire","_seopress_titles_desc":"Site Officiel  Meilleur Tarif en Direct : D\u00e9couvrez Rosalita Hostel, h\u00e9bergement \u00e0 Lourdes et proche du Sanctuaire. R\u00e9servez votre s\u00e9jour sur notre site.","_seopress_robots_index":"","inline_featured_image":false,"footnotes":""},"acf":[],"_links":{"self":[{"href":"https:\/\/rosalitahostel.com\/fr\/wp-json\/wp\/v2\/pages\/2"}],"collection":[{"href":"https:\/\/rosalitahostel.com\/fr\/wp-json\/wp\/v2\/pages"}],"about":[{"href":"https:\/\/rosalitahostel.com\/fr\/wp-json\/wp\/v2\/types\/page"}],"author":[{"embeddable":true,"href":"https:\/\/rosalitahostel.com\/fr\/wp-json\/wp\/v2\/users\/1"}],"replies":[{"embeddable":true,"href":"https:\/\/rosalitahostel.com\/fr\/wp-json\/wp\/v2\/comments?post=2"}],"version-history":[{"count":65,"href":"https:\/\/rosalitahostel.com\/fr\/wp-json\/wp\/v2\/pages\/2\/revisions"}],"predecessor-version":[{"id":1376,"href":"https:\/\/rosalitahostel.com\/fr\/wp-json\/wp\/v2\/pages\/2\/revisions\/1376"}],"wp:attachment":[{"href":"https:\/\/rosalitahostel.com\/fr\/wp-json\/wp\/v2\/media?parent=2"}],"curies":[{"name":"wp","href":"https:\/\/api.w.org\/{rel}","templated":true}]}}