{"id":453,"date":"2023-01-04T15:07:08","date_gmt":"2023-01-04T14:07:08","guid":{"rendered":"http:\/\/precom2023.diadao.info\/?page_id=453"},"modified":"2024-05-20T08:31:09","modified_gmt":"2024-05-20T06:31:09","slug":"conditions-generales-dutilisation","status":"publish","type":"page","link":"https:\/\/rosalitahostel.com\/fr\/conditions-generales-dutilisation\/","title":{"rendered":"Conditions G\u00e9n\u00e9rales d'Utilisation"},"content":{"rendered":"\n<p><br><br><br><br><br><\/p>\n","protected":false},"excerpt":{"rendered":"","protected":false},"author":1,"featured_media":0,"parent":0,"menu_order":2,"comment_status":"closed","ping_status":"closed","template":"","meta":{"_seopress_robots_primary_cat":"","_seopress_titles_title":"~ Conditions G\u00e9n\u00e9rales d&#039;Utilisation | Rosalita Hostel","_seopress_titles_desc":"Site Officiel \u2705 Le pr\u00e9sent site web, accessible \u00e0 l&#039;adresse https:\/\/rosalitahostel.com est la propri\u00e9t\u00e9 de la soci\u00e9t\u00e9 Rosalita Hostel.","_seopress_robots_index":"yes","inline_featured_image":false,"footnotes":""},"acf":[],"_links":{"self":[{"href":"https:\/\/rosalitahostel.com\/fr\/wp-json\/wp\/v2\/pages\/453"}],"collection":[{"href":"https:\/\/rosalitahostel.com\/fr\/wp-json\/wp\/v2\/pages"}],"about":[{"href":"https:\/\/rosalitahostel.com\/fr\/wp-json\/wp\/v2\/types\/page"}],"author":[{"embeddable":true,"href":"https:\/\/rosalitahostel.com\/fr\/wp-json\/wp\/v2\/users\/1"}],"replies":[{"embeddable":true,"href":"https:\/\/rosalitahostel.com\/fr\/wp-json\/wp\/v2\/comments?post=453"}],"version-history":[{"count":27,"href":"https:\/\/rosalitahostel.com\/fr\/wp-json\/wp\/v2\/pages\/453\/revisions"}],"predecessor-version":[{"id":1336,"href":"https:\/\/rosalitahostel.com\/fr\/wp-json\/wp\/v2\/pages\/453\/revisions\/1336"}],"wp:attachment":[{"href":"https:\/\/rosalitahostel.com\/fr\/wp-json\/wp\/v2\/media?parent=453"}],"curies":[{"name":"wp","href":"https:\/\/api.w.org\/{rel}","templated":true}]}}